{"id":157,"date":"2016-09-08T16:50:35","date_gmt":"2016-09-08T14:50:35","guid":{"rendered":"https:\/\/www.raumitalia.com\/it\/stueckzahl_flasche\/"},"modified":"2016-09-14T16:10:44","modified_gmt":"2016-09-14T14:10:44","slug":"minimo-bottiglie-fornitura","status":"publish","type":"page","link":"https:\/\/www.raumitalia.com\/it\/minimo-bottiglie-fornitura\/","title":{"rendered":"Qual \u00e8 l\u2019ordine minimo richiesto?"},"content":{"rendered":"<p>Il quantitativo minimo d&#8217;ordine per le nostre bottiglie speciali \u00e8 di 96 pezzi. Il prezzo delle bottiglie complete di oggetti o pera Williams-Christ varia a seconda della quantit\u00e0, delle materie prime e della complessit\u00e0 di lavorazione. <a href=\"mailto:info@raumitalia.com\">Non esitate a contattarci e richiederci un preventivo<\/a>.<\/p>\n","protected":false},"excerpt":{"rendered":"<p>Il quantitativo minimo d&#8217;ordine per le nostre bottiglie speciali \u00e8 di 96 pezzi. Il prezzo delle bottiglie complete di oggetti o pera Williams-Christ varia a seconda della quantit\u00e0, delle materie prime e della complessit\u00e0 di lavorazione. Non esitate a contattarci e richiederci un preventivo.<\/p>\n","protected":false},"author":1,"featured_media":0,"parent":0,"menu_order":0,"comment_status":"closed","ping_status":"closed","template":"","meta":[],"acf":[],"yoast_head":"<!-- This site is optimized with the Yoast SEO plugin v18.8 - https:\/\/yoast.com\/wordpress\/plugins\/seo\/ -->\n<title>Fornitura oggetti inseriti in bottiglia Ordini minimi<\/title>\n<meta name=\"description\" content=\"Fornitura di bottiglie. Pere Williams-Christ. Bottiglie speciali.\" \/>\n<meta name=\"robots\" content=\"index, follow, max-snippet:-1, max-image-preview:large, max-video-preview:-1\" \/>\n<link rel=\"canonical\" href=\"https:\/\/www.raumitalia.com\/it\/minimo-bottiglie-fornitura\/\" \/>\n<meta property=\"og:locale\" content=\"it_IT\" \/>\n<meta property=\"og:type\" content=\"article\" \/>\n<meta property=\"og:title\" content=\"Fornitura oggetti inseriti in bottiglia Ordini minimi\" \/>\n<meta property=\"og:description\" content=\"Fornitura di bottiglie. Pere Williams-Christ. Bottiglie speciali.\" \/>\n<meta property=\"og:url\" content=\"https:\/\/www.raumitalia.com\/it\/minimo-bottiglie-fornitura\/\" \/>\n<meta property=\"og:site_name\" content=\"www.raumitalia.com\" \/>\n<meta property=\"article:modified_time\" content=\"2016-09-14T14:10:44+00:00\" \/>\n<meta name=\"twitter:card\" content=\"summary\" \/>\n<script type=\"application\/ld+json\" class=\"yoast-schema-graph\">{\"@context\":\"https:\/\/schema.org\",\"@graph\":[{\"@type\":\"WebSite\",\"@id\":\"https:\/\/www.raumitalia.com\/#website\",\"url\":\"https:\/\/www.raumitalia.com\/\",\"name\":\"www.raumitalia.com\",\"description\":\"\",\"potentialAction\":[{\"@type\":\"SearchAction\",\"target\":{\"@type\":\"EntryPoint\",\"urlTemplate\":\"https:\/\/www.raumitalia.com\/?s={search_term_string}\"},\"query-input\":\"required name=search_term_string\"}],\"inLanguage\":\"it-IT\"},{\"@type\":\"WebPage\",\"@id\":\"https:\/\/www.raumitalia.com\/it\/minimo-bottiglie-fornitura\/#webpage\",\"url\":\"https:\/\/www.raumitalia.com\/it\/minimo-bottiglie-fornitura\/\",\"name\":\"Fornitura oggetti inseriti in bottiglia Ordini minimi\",\"isPartOf\":{\"@id\":\"https:\/\/www.raumitalia.com\/#website\"},\"datePublished\":\"2016-09-08T14:50:35+00:00\",\"dateModified\":\"2016-09-14T14:10:44+00:00\",\"description\":\"Fornitura di bottiglie. Pere Williams-Christ. Bottiglie speciali.\",\"breadcrumb\":{\"@id\":\"https:\/\/www.raumitalia.com\/it\/minimo-bottiglie-fornitura\/#breadcrumb\"},\"inLanguage\":\"it-IT\",\"potentialAction\":[{\"@type\":\"ReadAction\",\"target\":[\"https:\/\/www.raumitalia.com\/it\/minimo-bottiglie-fornitura\/\"]}]},{\"@type\":\"BreadcrumbList\",\"@id\":\"https:\/\/www.raumitalia.com\/it\/minimo-bottiglie-fornitura\/#breadcrumb\",\"itemListElement\":[{\"@type\":\"ListItem\",\"position\":1,\"name\":\"Startseite\",\"item\":\"https:\/\/www.raumitalia.com\/it\/\"},{\"@type\":\"ListItem\",\"position\":2,\"name\":\"Qual \u00e8 l\u2019ordine minimo richiesto?\"}]}]}<\/script>\n<!-- \/ Yoast SEO plugin. -->","yoast_head_json":{"title":"Fornitura oggetti inseriti in bottiglia Ordini minimi","description":"Fornitura di bottiglie. Pere Williams-Christ. Bottiglie speciali.","robots":{"index":"index","follow":"follow","max-snippet":"max-snippet:-1","max-image-preview":"max-image-preview:large","max-video-preview":"max-video-preview:-1"},"canonical":"https:\/\/www.raumitalia.com\/it\/minimo-bottiglie-fornitura\/","og_locale":"it_IT","og_type":"article","og_title":"Fornitura oggetti inseriti in bottiglia Ordini minimi","og_description":"Fornitura di bottiglie. Pere Williams-Christ. Bottiglie speciali.","og_url":"https:\/\/www.raumitalia.com\/it\/minimo-bottiglie-fornitura\/","og_site_name":"www.raumitalia.com","article_modified_time":"2016-09-14T14:10:44+00:00","twitter_card":"summary","schema":{"@context":"https:\/\/schema.org","@graph":[{"@type":"WebSite","@id":"https:\/\/www.raumitalia.com\/#website","url":"https:\/\/www.raumitalia.com\/","name":"www.raumitalia.com","description":"","potentialAction":[{"@type":"SearchAction","target":{"@type":"EntryPoint","urlTemplate":"https:\/\/www.raumitalia.com\/?s={search_term_string}"},"query-input":"required name=search_term_string"}],"inLanguage":"it-IT"},{"@type":"WebPage","@id":"https:\/\/www.raumitalia.com\/it\/minimo-bottiglie-fornitura\/#webpage","url":"https:\/\/www.raumitalia.com\/it\/minimo-bottiglie-fornitura\/","name":"Fornitura oggetti inseriti in bottiglia Ordini minimi","isPartOf":{"@id":"https:\/\/www.raumitalia.com\/#website"},"datePublished":"2016-09-08T14:50:35+00:00","dateModified":"2016-09-14T14:10:44+00:00","description":"Fornitura di bottiglie. Pere Williams-Christ. Bottiglie speciali.","breadcrumb":{"@id":"https:\/\/www.raumitalia.com\/it\/minimo-bottiglie-fornitura\/#breadcrumb"},"inLanguage":"it-IT","potentialAction":[{"@type":"ReadAction","target":["https:\/\/www.raumitalia.com\/it\/minimo-bottiglie-fornitura\/"]}]},{"@type":"BreadcrumbList","@id":"https:\/\/www.raumitalia.com\/it\/minimo-bottiglie-fornitura\/#breadcrumb","itemListElement":[{"@type":"ListItem","position":1,"name":"Startseite","item":"https:\/\/www.raumitalia.com\/it\/"},{"@type":"ListItem","position":2,"name":"Qual \u00e8 l\u2019ordine minimo richiesto?"}]}]}},"_links":{"self":[{"href":"https:\/\/www.raumitalia.com\/it\/wp-json\/wp\/v2\/pages\/157"}],"collection":[{"href":"https:\/\/www.raumitalia.com\/it\/wp-json\/wp\/v2\/pages"}],"about":[{"href":"https:\/\/www.raumitalia.com\/it\/wp-json\/wp\/v2\/types\/page"}],"author":[{"embeddable":true,"href":"https:\/\/www.raumitalia.com\/it\/wp-json\/wp\/v2\/users\/1"}],"replies":[{"embeddable":true,"href":"https:\/\/www.raumitalia.com\/it\/wp-json\/wp\/v2\/comments?post=157"}],"version-history":[{"count":6,"href":"https:\/\/www.raumitalia.com\/it\/wp-json\/wp\/v2\/pages\/157\/revisions"}],"predecessor-version":[{"id":289,"href":"https:\/\/www.raumitalia.com\/it\/wp-json\/wp\/v2\/pages\/157\/revisions\/289"}],"wp:attachment":[{"href":"https:\/\/www.raumitalia.com\/it\/wp-json\/wp\/v2\/media?parent=157"}],"curies":[{"name":"wp","href":"https:\/\/api.w.org\/{rel}","templated":true}]}}